{"id":15,"date":"2024-03-12T16:43:34","date_gmt":"2024-03-12T16:43:34","guid":{"rendered":"https:\/\/enoi.rkinformatika.online\/?page_id=15"},"modified":"2024-03-13T09:06:21","modified_gmt":"2024-03-13T09:06:21","slug":"accesibilidad","status":"publish","type":"page","link":"https:\/\/enoi.es\/eus\/accesibilidad\/","title":{"rendered":"Irisgarritasuna"},"content":{"rendered":"<div data-elementor-type=\"wp-page\" data-elementor-id=\"15\" class=\"elementor elementor-15\" data-elementor-post-type=\"page\">\n\t\t\t\t<div class=\"elementor-element elementor-element-300337aa e-flex e-con-boxed e-con e-parent\" data-id=\"300337aa\" data-element_type=\"container\">\n\t\t\t\t\t<div class=\"e-con-inner\">\n\t\t\t\t<div class=\"elementor-element elementor-element-5dc51644 elementor-widget elementor-widget-text-editor\" data-id=\"5dc51644\" data-element_type=\"widget\" data-widget_type=\"text-editor.default\">\n\t\t\t\t<div class=\"elementor-widget-container\">\n\t\t\t\t\t\t\t\t\t<h1 class=\"western\"><span style=\"color: #666666;\"><span style=\"font-family: Helvetica 65 Medium, sans-serif;\"><span style=\"font-size: x-large;\"><b>ACCESIBILIDAD<\/b><\/span><\/span><\/span><\/h1><p><span style=\"color: #666666;\"><span style=\"font-family: Helvetica 65 Medium, sans-serif;\"><span style=\"font-size: medium;\"><strong>Enoi<\/strong> se ha comprometido a hacer accesible su sitio web, de conformidad con el <\/span><\/span><\/span><a href=\"https:\/\/www.boe.es\/diario_boe\/txt.php?id=BOE-A-2018-12699\" target=\"_blank\" rel=\"noopener\"><span style=\"color: #ff0000;\"><span style=\"font-family: Helvetica 65 Medium, sans-serif;\"><span style=\"font-size: medium;\">Real Decreto 1112\/2018, de 7 de septiembre, sobre accesibilidad de los sitios web y aplicaciones para dispositivos m\u00f3viles del sector p\u00fablico.<\/span><\/span><\/span><\/a><\/p><p><span style=\"color: #666666;\"><span style=\"font-family: Helvetica 65 Medium, sans-serif;\"><span style=\"font-size: medium;\">La presente declaraci\u00f3n de accesibilidad se aplica al sitio web <b>https:\/\/enoi.es<\/b><b>\/<\/b><\/span><\/span><\/span><\/p><h2 class=\"western\"><span style=\"color: #666666;\"><span style=\"font-family: Helvetica 65 Medium, sans-serif;\">Situaci\u00f3n de cumplimiento<\/span><\/span><\/h2><p><span style=\"color: #666666;\"><span style=\"font-family: Helvetica 65 Medium, sans-serif;\"><span style=\"font-size: medium;\">Este sitio web es parcialmente conforme con el\u00a0<\/span><\/span><\/span><a href=\"https:\/\/www.boe.es\/diario_boe\/txt.php?id=BOE-A-2018-12699\" target=\"_blank\" rel=\"noopener\"><span style=\"color: #ff0000;\"><span style=\"font-family: Helvetica 65 Medium, sans-serif;\"><span style=\"font-size: medium;\">RD 1112\/2018<\/span><\/span><\/span><\/a><span style=\"color: #ff0000;\"><span style=\"font-family: Helvetica 65 Medium, sans-serif;\"><span style=\"font-size: medium;\">.<\/span><\/span><\/span><\/p><h2 class=\"western\"><span style=\"color: #666666;\"><span style=\"font-family: Helvetica 65 Medium, sans-serif;\">Preparaci\u00f3n para la siguiente declaraci\u00f3n de accesibilidad<\/span><\/span><\/h2><p><span style=\"color: #666666;\"><span style=\"font-family: Helvetica 65 Medium, sans-serif;\"><span style=\"font-size: medium;\">La presente declaraci\u00f3n fue preparada el <strong>13<\/strong><\/span><\/span><\/span><span style=\"color: #666666;\"><span style=\"font-family: Helvetica 65 Medium, sans-serif;\"><span style=\"font-size: medium;\"><b> de <\/b><\/span><\/span><\/span><span style=\"color: #666666;\"><span style=\"font-family: Helvetica 65 Medium, sans-serif;\"><span style=\"font-size: medium;\"><b>Marzo<\/b><\/span><\/span><\/span><span style=\"color: #666666;\"><span style=\"font-family: Helvetica 65 Medium, sans-serif;\"><span style=\"font-size: medium;\"><b> de 202<\/b><\/span><\/span><\/span><span style=\"color: #666666;\"><span style=\"font-family: Helvetica 65 Medium, sans-serif;\"><span style=\"font-size: medium;\"><b>4<\/b><\/span><\/span><\/span><span style=\"color: #666666;\"><span style=\"font-family: Helvetica 65 Medium, sans-serif;\"><span style=\"font-size: medium;\"><b>.<\/b><\/span><\/span><\/span><\/p><p><span style=\"color: #666666;\"><span style=\"font-family: Helvetica 65 Medium, sans-serif;\"><span style=\"font-size: medium;\">El m\u00e9todo empleado para preparar la declaraci\u00f3n ha sido una autoevaluaci\u00f3n llevada a cabo por el propio organismo.<\/span><\/span><\/span><\/p><p><span style=\"color: #666666;\"><span style=\"font-family: Helvetica 65 Medium, sans-serif;\"><span style=\"font-size: medium;\">Observaciones y datos de contacto<\/span><\/span><\/span><\/p><p><span style=\"color: #666666;\"><span style=\"font-family: Helvetica 65 Medium, sans-serif;\"><span style=\"font-size: medium;\">Puede realizar comunicaciones sobre requisitos de accesibilidad (art\u00edculo 10.2.a del RD 1112\/2018) como, por ejemplo:<\/span><\/span><\/span><\/p><ul><li><p><span style=\"color: #666666;\"><span style=\"font-family: Helvetica 65 Medium, sans-serif;\"><span style=\"font-size: medium;\">Informar sobre cualquier posible incumplimiento por parte de este sitio web<\/span><\/span><\/span><\/p><\/li><li><p><span style=\"color: #666666;\"><span style=\"font-family: Helvetica 65 Medium, sans-serif;\"><span style=\"font-size: medium;\">Transmitir otras dificultades de acceso al contenido<\/span><\/span><\/span><\/p><\/li><li><p><span style=\"color: #666666;\"><span style=\"font-family: Helvetica 65 Medium, sans-serif;\"><span style=\"font-size: medium;\">Formular cualquier otra consulta o sugerencia de mejora relativa a la accesibilidad del sitio web<\/span><\/span><\/span><\/p><\/li><\/ul><p><span style=\"color: #666666;\"><span style=\"font-family: Helvetica 65 Medium, sans-serif;\"><span style=\"font-size: medium;\">a trav\u00e9s del formulario de contacto de este sitio web o a trav\u00e9s del n\u00famero de tel\u00e9fono (+34) <strong>94 400 36 25<\/strong>.<\/span><\/span><\/span><\/p><p><span style=\"color: #666666;\"><span style=\"font-family: Helvetica 65 Medium, sans-serif;\"><span style=\"font-size: medium;\">Puede presentar:<\/span><\/span><\/span><\/p><ul><li><p><span style=\"color: #666666;\"><span style=\"font-family: Helvetica 65 Medium, sans-serif;\"><span style=\"font-size: medium;\">Queja relativa al cumplimiento de los requisitos del RD 1112\/2018 o<\/span><\/span><\/span><\/p><\/li><li><p><span style=\"color: #666666;\"><span style=\"font-family: Helvetica 65 Medium, sans-serif;\"><span style=\"font-size: medium;\">Solicitud de Informaci\u00f3n accesible relativa a:<\/span><\/span><\/span><\/p><ul><li><p><span style=\"color: #666666;\"><span style=\"font-family: Helvetica 65 Medium, sans-serif;\"><span style=\"font-size: medium;\">Contenidos que est\u00e1n excluidos del \u00e1mbito de aplicaci\u00f3n del RD 1112\/2018 seg\u00fan lo establecido por el art\u00edculo 3, apartado 4<\/span><\/span><\/span><\/p><\/li><li><p><span style=\"color: #666666;\"><span style=\"font-family: Helvetica 65 Medium, sans-serif;\"><span style=\"font-size: medium;\">Contenidos que est\u00e1n exentos del cumplimiento de los requisitos de accesibilidad por imponer una carga desproporcionada<\/span><\/span><\/span><\/p><\/li><\/ul><\/li><\/ul><p><span style=\"color: #666666;\"><span style=\"font-family: Helvetica 65 Medium, sans-serif;\"><span style=\"font-size: medium;\">En la Solicitud de informaci\u00f3n accesible, se debe concretar, con toda claridad, los hechos, razones y petici\u00f3n que permitan constatar que se trata de una solicitud razonable y leg\u00edtima.<\/span><\/span><\/span><\/p><p><span style=\"color: #666666;\"><span style=\"font-family: Helvetica 65 Medium, sans-serif;\"><span style=\"font-size: medium;\">Las quejas y reclamaciones sobre informaci\u00f3n accesible se realizar\u00e1n a trav\u00e9s de la sede electr\u00f3nica (<b>https:\/\/enoi.es<\/b><b>\/contacto\/<\/b>), y ser\u00e1n recibidas y tratadas por el \u00e1rea de Sistemas de la Informaci\u00f3n de <strong>Enoi<\/strong>.<\/span><\/span><\/span><\/p>\t\t\t\t\t\t\t\t<\/div>\n\t\t\t\t<\/div>\n\t\t\t\t\t<\/div>\n\t\t\t\t<\/div>\n\t\t\t\t<\/div>","protected":false},"excerpt":{"rendered":"<p>ACCESIBILIDAD Enoi se ha comprometido a hacer accesible su sitio web, de conformidad con el Real Decreto 1112\/2018, de 7 de septiembre, sobre accesibilidad de los sitios web y aplicaciones para dispositivos m\u00f3viles del sector p\u00fablico. La presente declaraci\u00f3n de accesibilidad se aplica al sitio web https:\/\/enoi.es\/ Situaci\u00f3n de cumplimiento Este sitio web es parcialmente [&hellip;]<\/p>","protected":false},"author":1,"featured_media":0,"parent":0,"menu_order":0,"comment_status":"closed","ping_status":"closed","template":"elementor_canvas","meta":{"footnotes":""},"class_list":["post-15","page","type-page","status-publish","hentry"],"yoast_head":"<!-- This site is optimized with the Yoast SEO plugin v25.1 - https:\/\/yoast.com\/wordpress\/plugins\/seo\/ -->\n<title>Accesibilidad - Enoi<\/title>\n<meta name=\"robots\" content=\"index, follow, max-snippet:-1, max-image-preview:large, max-video-preview:-1\" \/>\n<link rel=\"canonical\" href=\"https:\/\/enoi.es\/eus\/accesibilidad\/\" \/>\n<meta property=\"og:locale\" content=\"en_US\" \/>\n<meta property=\"og:type\" content=\"article\" \/>\n<meta property=\"og:title\" content=\"Accesibilidad - Enoi\" \/>\n<meta property=\"og:description\" content=\"ACCESIBILIDAD Enoi se ha comprometido a hacer accesible su sitio web, de conformidad con el Real Decreto 1112\/2018, de 7 de septiembre, sobre accesibilidad de los sitios web y aplicaciones para dispositivos m\u00f3viles del sector p\u00fablico. La presente declaraci\u00f3n de accesibilidad se aplica al sitio web https:\/\/enoi.es\/ Situaci\u00f3n de cumplimiento Este sitio web es parcialmente [&hellip;]\" \/>\n<meta property=\"og:url\" content=\"https:\/\/enoi.es\/eus\/accesibilidad\/\" \/>\n<meta property=\"og:site_name\" content=\"Enoi\" \/>\n<meta property=\"article:modified_time\" content=\"2024-03-13T09:06:21+00:00\" \/>\n<meta name=\"twitter:card\" content=\"summary_large_image\" \/>\n<meta name=\"twitter:label1\" content=\"Est. reading time\" \/>\n\t<meta name=\"twitter:data1\" content=\"2 minutua\" \/>\n<script type=\"application\/ld+json\" class=\"yoast-schema-graph\">{\"@context\":\"https:\/\/schema.org\",\"@graph\":[{\"@type\":\"WebPage\",\"@id\":\"https:\/\/enoi.es\/accesibilidad\/\",\"url\":\"https:\/\/enoi.es\/accesibilidad\/\",\"name\":\"Accesibilidad - Enoi\",\"isPartOf\":{\"@id\":\"https:\/\/enoi.es\/#website\"},\"datePublished\":\"2024-03-12T16:43:34+00:00\",\"dateModified\":\"2024-03-13T09:06:21+00:00\",\"breadcrumb\":{\"@id\":\"https:\/\/enoi.es\/accesibilidad\/#breadcrumb\"},\"inLanguage\":\"eu\",\"potentialAction\":[{\"@type\":\"ReadAction\",\"target\":[\"https:\/\/enoi.es\/accesibilidad\/\"]}]},{\"@type\":\"BreadcrumbList\",\"@id\":\"https:\/\/enoi.es\/accesibilidad\/#breadcrumb\",\"itemListElement\":[{\"@type\":\"ListItem\",\"position\":1,\"name\":\"Portada\",\"item\":\"https:\/\/enoi.es\/\"},{\"@type\":\"ListItem\",\"position\":2,\"name\":\"Accesibilidad\"}]},{\"@type\":\"WebSite\",\"@id\":\"https:\/\/enoi.es\/#website\",\"url\":\"https:\/\/enoi.es\/\",\"name\":\"Enoi\",\"description\":\"Centro de est\u00e9tica especializado en tratamientos faciales y corporales\",\"publisher\":{\"@id\":\"https:\/\/enoi.es\/#organization\"},\"potentialAction\":[{\"@type\":\"SearchAction\",\"target\":{\"@type\":\"EntryPoint\",\"urlTemplate\":\"https:\/\/enoi.es\/?s={search_term_string}\"},\"query-input\":{\"@type\":\"PropertyValueSpecification\",\"valueRequired\":true,\"valueName\":\"search_term_string\"}}],\"inLanguage\":\"eu\"},{\"@type\":\"Organization\",\"@id\":\"https:\/\/enoi.es\/#organization\",\"name\":\"Enoi\",\"url\":\"https:\/\/enoi.es\/\",\"logo\":{\"@type\":\"ImageObject\",\"inLanguage\":\"eu\",\"@id\":\"https:\/\/enoi.es\/#\/schema\/logo\/image\/\",\"url\":\"https:\/\/enoi.es\/wp-content\/uploads\/2024\/03\/Enoi_Mesa-de-trabajo-1.png\",\"contentUrl\":\"https:\/\/enoi.es\/wp-content\/uploads\/2024\/03\/Enoi_Mesa-de-trabajo-1.png\",\"width\":470,\"height\":470,\"caption\":\"Enoi\"},\"image\":{\"@id\":\"https:\/\/enoi.es\/#\/schema\/logo\/image\/\"},\"sameAs\":[\"https:\/\/www.instagram.com\/centroesteticaenoi\"]}]}<\/script>\n<!-- \/ Yoast SEO plugin. -->","yoast_head_json":{"title":"Accesibilidad - Enoi","robots":{"index":"index","follow":"follow","max-snippet":"max-snippet:-1","max-image-preview":"max-image-preview:large","max-video-preview":"max-video-preview:-1"},"canonical":"https:\/\/enoi.es\/eus\/accesibilidad\/","og_locale":"en_US","og_type":"article","og_title":"Accesibilidad - Enoi","og_description":"ACCESIBILIDAD Enoi se ha comprometido a hacer accesible su sitio web, de conformidad con el Real Decreto 1112\/2018, de 7 de septiembre, sobre accesibilidad de los sitios web y aplicaciones para dispositivos m\u00f3viles del sector p\u00fablico. La presente declaraci\u00f3n de accesibilidad se aplica al sitio web https:\/\/enoi.es\/ Situaci\u00f3n de cumplimiento Este sitio web es parcialmente [&hellip;]","og_url":"https:\/\/enoi.es\/eus\/accesibilidad\/","og_site_name":"Enoi","article_modified_time":"2024-03-13T09:06:21+00:00","twitter_card":"summary_large_image","twitter_misc":{"Est. reading time":"2 minutua"},"schema":{"@context":"https:\/\/schema.org","@graph":[{"@type":"WebPage","@id":"https:\/\/enoi.es\/accesibilidad\/","url":"https:\/\/enoi.es\/accesibilidad\/","name":"Accesibilidad - Enoi","isPartOf":{"@id":"https:\/\/enoi.es\/#website"},"datePublished":"2024-03-12T16:43:34+00:00","dateModified":"2024-03-13T09:06:21+00:00","breadcrumb":{"@id":"https:\/\/enoi.es\/accesibilidad\/#breadcrumb"},"inLanguage":"eu","potentialAction":[{"@type":"ReadAction","target":["https:\/\/enoi.es\/accesibilidad\/"]}]},{"@type":"BreadcrumbList","@id":"https:\/\/enoi.es\/accesibilidad\/#breadcrumb","itemListElement":[{"@type":"ListItem","position":1,"name":"Portada","item":"https:\/\/enoi.es\/"},{"@type":"ListItem","position":2,"name":"Accesibilidad"}]},{"@type":"WebSite","@id":"https:\/\/enoi.es\/#website","url":"https:\/\/enoi.es\/","name":"Enoi","description":"Centro de est\u00e9tica especializado en tratamientos faciales y corporales","publisher":{"@id":"https:\/\/enoi.es\/#organization"},"potentialAction":[{"@type":"SearchAction","target":{"@type":"EntryPoint","urlTemplate":"https:\/\/enoi.es\/?s={search_term_string}"},"query-input":{"@type":"PropertyValueSpecification","valueRequired":true,"valueName":"search_term_string"}}],"inLanguage":"eu"},{"@type":"Organization","@id":"https:\/\/enoi.es\/#organization","name":"Enoi","url":"https:\/\/enoi.es\/","logo":{"@type":"ImageObject","inLanguage":"eu","@id":"https:\/\/enoi.es\/#\/schema\/logo\/image\/","url":"https:\/\/enoi.es\/wp-content\/uploads\/2024\/03\/Enoi_Mesa-de-trabajo-1.png","contentUrl":"https:\/\/enoi.es\/wp-content\/uploads\/2024\/03\/Enoi_Mesa-de-trabajo-1.png","width":470,"height":470,"caption":"Enoi"},"image":{"@id":"https:\/\/enoi.es\/#\/schema\/logo\/image\/"},"sameAs":["https:\/\/www.instagram.com\/centroesteticaenoi"]}]}},"_links":{"self":[{"href":"https:\/\/enoi.es\/eus\/wp-json\/wp\/v2\/pages\/15","targetHints":{"allow":["GET"]}}],"collection":[{"href":"https:\/\/enoi.es\/eus\/wp-json\/wp\/v2\/pages"}],"about":[{"href":"https:\/\/enoi.es\/eus\/wp-json\/wp\/v2\/types\/page"}],"author":[{"embeddable":true,"href":"https:\/\/enoi.es\/eus\/wp-json\/wp\/v2\/users\/1"}],"replies":[{"embeddable":true,"href":"https:\/\/enoi.es\/eus\/wp-json\/wp\/v2\/comments?post=15"}],"version-history":[{"count":7,"href":"https:\/\/enoi.es\/eus\/wp-json\/wp\/v2\/pages\/15\/revisions"}],"predecessor-version":[{"id":61,"href":"https:\/\/enoi.es\/eus\/wp-json\/wp\/v2\/pages\/15\/revisions\/61"}],"wp:attachment":[{"href":"https:\/\/enoi.es\/eus\/wp-json\/wp\/v2\/media?parent=15"}],"curies":[{"name":"wp","href":"https:\/\/api.w.org\/{rel}","templated":true}]}}