{"id":809,"date":"2024-11-07T08:43:48","date_gmt":"2024-11-07T08:43:48","guid":{"rendered":"https:\/\/enoi.es\/?page_id=809"},"modified":"2024-11-14T09:57:11","modified_gmt":"2024-11-14T09:57:11","slug":"sobre-mi","status":"publish","type":"page","link":"https:\/\/enoi.es\/eus\/sobre-mi\/","title":{"rendered":"Sobre m\u00ed"},"content":{"rendered":"<div data-elementor-type=\"wp-page\" data-elementor-id=\"809\" class=\"elementor elementor-809\" data-elementor-post-type=\"page\">\n\t\t\t\t\t\t<section class=\"elementor-section elementor-top-section elementor-element elementor-element-60bfe027 elementor-section-stretched elementor-reverse-tablet elementor-section-boxed elementor-section-height-default elementor-section-height-default\" data-id=\"60bfe027\" data-element_type=\"section\" data-settings=\"{&quot;stretch_section&quot;:&quot;section-stretched&quot;,&quot;background_background&quot;:&quot;classic&quot;}\">\n\t\t\t\t\t\t<div class=\"elementor-container elementor-column-gap-default\">\n\t\t\t\t\t<div class=\"elementor-column elementor-col-100 elementor-top-column elementor-element elementor-element-363b7913\" data-id=\"363b7913\" data-element_type=\"column\">\n\t\t\t<div class=\"elementor-widget-wrap elementor-element-populated\">\n\t\t\t\t\t\t<div class=\"elementor-element elementor-element-30dcd758 elementor-invisible elementor-widget elementor-widget-heading\" data-id=\"30dcd758\" data-element_type=\"widget\" data-settings=\"{&quot;_animation&quot;:&quot;fadeIn&quot;}\" data-widget_type=\"heading.default\">\n\t\t\t\t<div class=\"elementor-widget-container\">\n\t\t\t\t\t<h2 class=\"elementor-heading-title elementor-size-default\">Sobre m\u00ed<\/h2>\t\t\t\t<\/div>\n\t\t\t\t<\/div>\n\t\t\t\t<div class=\"elementor-element elementor-element-764137c6 elementor-widget elementor-widget-spacer\" data-id=\"764137c6\" data-element_type=\"widget\" data-widget_type=\"spacer.default\">\n\t\t\t\t<div class=\"elementor-widget-container\">\n\t\t\t\t\t\t\t<div class=\"elementor-spacer\">\n\t\t\t<div class=\"elementor-spacer-inner\"><\/div>\n\t\t<\/div>\n\t\t\t\t\t\t<\/div>\n\t\t\t\t<\/div>\n\t\t\t\t\t<\/div>\n\t\t<\/div>\n\t\t\t\t\t<\/div>\n\t\t<\/section>\n\t\t\t\t<section class=\"elementor-section elementor-top-section elementor-element elementor-element-2e35086c elementor-section-boxed elementor-section-height-default elementor-section-height-default elementor-invisible\" data-id=\"2e35086c\" data-element_type=\"section\" data-settings=\"{&quot;animation&quot;:&quot;fadeInUp&quot;,&quot;background_background&quot;:&quot;classic&quot;}\">\n\t\t\t\t\t\t<div class=\"elementor-container elementor-column-gap-default\">\n\t\t\t\t\t<div class=\"elementor-column elementor-col-100 elementor-top-column elementor-element elementor-element-2752f1ed\" data-id=\"2752f1ed\" data-element_type=\"column\" data-settings=\"{&quot;background_background&quot;:&quot;classic&quot;}\">\n\t\t\t<div class=\"elementor-widget-wrap elementor-element-populated\">\n\t\t\t\t\t\t<section class=\"elementor-section elementor-inner-section elementor-element elementor-element-17a9a78c elementor-section-boxed elementor-section-height-default elementor-section-height-default\" data-id=\"17a9a78c\" data-element_type=\"section\">\n\t\t\t\t\t\t<div class=\"elementor-container elementor-column-gap-default\">\n\t\t\t\t\t<div class=\"elementor-column elementor-col-50 elementor-inner-column elementor-element elementor-element-462a308d\" data-id=\"462a308d\" data-element_type=\"column\">\n\t\t\t<div class=\"elementor-widget-wrap elementor-element-populated\">\n\t\t\t\t\t\t<div class=\"elementor-element elementor-element-706d425 elementor-invisible elementor-widget elementor-widget-text-editor\" data-id=\"706d425\" data-element_type=\"widget\" data-settings=\"{&quot;_animation&quot;:&quot;fadeIn&quot;}\" data-widget_type=\"text-editor.default\">\n\t\t\t\t<div class=\"elementor-widget-container\">\n\t\t\t\t\t\t\t\t\t<p><span style=\"font-weight: 400;\">Soy Elsa Gonz\u00e1lez Cuadrado, profesional de la est\u00e9tica con m\u00e1s de 20 a\u00f1os de experiencia. Dirijo el centro de est\u00e9tica Enoi, un espacio creado con la intenci\u00f3n de ofrecer un entorno acogedor y relajante donde te puedas sentir cuidada en todos los aspectos. Mi enfoque se centra en la mejora f\u00edsica y emocional, combinando t\u00e9cnicas manuales con influencia de la tradici\u00f3n japonesa, que me ha permitido perfeccionar m\u00e9todos como el masaje mioactivo.<\/span><\/p><p>\u00a0<\/p><p><span style=\"font-weight: 400;\">Mi objetivo no es solo mejorar la apariencia exterior, sino tambi\u00e9n promover un bienestar integral. Creo firmemente en la importancia de un enfoque saludable que abarque tanto lo f\u00edsico como lo emocional, y por eso adapto cada tratamiento a las necesidades espec\u00edficas de cada persona.<\/span><\/p><p>\u00a0<\/p><p><span style=\"font-weight: 400;\">Adem\u00e1s de mi trabajo en cabina, me dedico a la formaci\u00f3n, compartiendo mis conocimientos y t\u00e9cnicas con otros profesionales en especialidades como el masaje circulatorio y el drenaje linf\u00e1tico manual (DML) M\u00e9todo Vodder. Para m\u00ed, es fundamental transmitir la importancia de un trabajo bien hecho, basado en la experiencia y en una formaci\u00f3n continua.<\/span><\/p><p><span style=\"font-weight: 400;\">En el centro Enoi, utilizo exclusivamente productos cosm\u00e9ticos de alta calidad, cuidadosamente seleccionados. Trabajo con la prestigiosa marca Mar\u00eda Duol y tambi\u00e9n con productos que traigo directamente de Jap\u00f3n, asegur\u00e1ndome de que cada tratamiento facial y corporal que realizo contribuya a mejorar los diferentes problemas de la piel, tanto del cuerpo como del rostro.<\/span><\/p><p><span style=\"font-weight: 400;\">Mi compromiso es ofrecerte tratamientos que no solo te hagan lucir mejor, sino que tambi\u00e9n te hagan sentir mejor, en un espacio donde puedas desconectar y dedicar un tiempo para ti misma.<\/span><\/p>\t\t\t\t\t\t\t\t<\/div>\n\t\t\t\t<\/div>\n\t\t\t\t<div class=\"elementor-element elementor-element-801b280 elementor-hidden-desktop elementor-hidden-tablet elementor-hidden-mobile elementor-invisible elementor-widget elementor-widget-text-editor\" data-id=\"801b280\" data-element_type=\"widget\" data-settings=\"{&quot;_animation&quot;:&quot;fadeIn&quot;}\" data-widget_type=\"text-editor.default\">\n\t\t\t\t<div class=\"elementor-widget-container\">\n\t\t\t\t\t\t\t\t\t<p>\u00abEn Enoi, mi compromiso es con la salud y la belleza natural y mi misi\u00f3n, ofrecer tratamientos est\u00e9ticos con un enfoque integral y saludable.<\/p><p>Con m\u00e1s de 20 a\u00f1os de experiencia, combino t\u00e9cnicas manuales avanzadas con un profundo conocimiento del bienestar y la est\u00e9tica.<br \/>\u00abDurante m\u00e1s de dos d\u00e9cadas, me he dedicado a perfeccionar el arte del masaje y los tratamientos est\u00e9ticos. Mi t\u00e9cnica puramente manual, basada en m\u00e9todos tradicionales y t\u00e9cnicas japonesas, me ha<br \/>permitido destacar en el campo del masaje circulatorio y el drenaje linf\u00e1tico manual.<\/p><p>\u00abGracias a mi experiencia y formaci\u00f3n continua, tambi\u00e9n imparto formaci\u00f3n en estas especialidades, ayudando a profesionales del sector a mejorar sus habilidades y ofrecer tratamientos efectivos y de alta calidad.<\/p><p>Compromiso con la salud y la belleza natural.<\/p>\t\t\t\t\t\t\t\t<\/div>\n\t\t\t\t<\/div>\n\t\t\t\t\t<\/div>\n\t\t<\/div>\n\t\t\t\t<div class=\"elementor-column elementor-col-50 elementor-inner-column elementor-element elementor-element-54cf85dd\" data-id=\"54cf85dd\" data-element_type=\"column\">\n\t\t\t<div class=\"elementor-widget-wrap elementor-element-populated\">\n\t\t\t\t\t\t<div class=\"elementor-element elementor-element-6a3f1d55 elementor-widget elementor-widget-image\" data-id=\"6a3f1d55\" data-element_type=\"widget\" data-widget_type=\"image.default\">\n\t\t\t\t<div class=\"elementor-widget-container\">\n\t\t\t\t\t\t\t\t\t\t\t\t\t\t\t\t<a href=\"https:\/\/enoi.es\/wp-content\/uploads\/2024\/11\/WhatsApp-Image-2024-11-06-at-12.24.14.jpeg\" data-elementor-open-lightbox=\"yes\" data-elementor-lightbox-title=\"WhatsApp Image 2024-11-06 at 12.24.14\" data-e-action-hash=\"#elementor-action%3Aaction%3Dlightbox%26settings%3DeyJpZCI6ODEwLCJ1cmwiOiJodHRwczpcL1wvZW5vaS5lc1wvd3AtY29udGVudFwvdXBsb2Fkc1wvMjAyNFwvMTFcL1doYXRzQXBwLUltYWdlLTIwMjQtMTEtMDYtYXQtMTIuMjQuMTQuanBlZyJ9\">\n\t\t\t\t\t\t\t<img fetchpriority=\"high\" decoding=\"async\" width=\"331\" height=\"533\" src=\"https:\/\/enoi.es\/wp-content\/uploads\/2024\/11\/WhatsApp-Image-2024-11-06-at-12.24.14.jpeg\" class=\"attachment-large size-large wp-image-810\" alt=\"\" srcset=\"https:\/\/enoi.es\/wp-content\/uploads\/2024\/11\/WhatsApp-Image-2024-11-06-at-12.24.14.jpeg 331w, https:\/\/enoi.es\/wp-content\/uploads\/2024\/11\/WhatsApp-Image-2024-11-06-at-12.24.14-186x300.jpeg 186w, https:\/\/enoi.es\/wp-content\/uploads\/2024\/11\/WhatsApp-Image-2024-11-06-at-12.24.14-7x12.jpeg 7w\" sizes=\"(max-width: 331px) 100vw, 331px\" \/>\t\t\t\t\t\t\t\t<\/a>\n\t\t\t\t\t\t\t\t\t\t\t\t\t\t\t<\/div>\n\t\t\t\t<\/div>\n\t\t\t\t\t<\/div>\n\t\t<\/div>\n\t\t\t\t\t<\/div>\n\t\t<\/section>\n\t\t\t\t\t<\/div>\n\t\t<\/div>\n\t\t\t\t\t<\/div>\n\t\t<\/section>\n\t\t\t\t<\/div>","protected":false},"excerpt":{"rendered":"<p>Sobre m\u00ed Soy Elsa Gonz\u00e1lez Cuadrado, profesional de la est\u00e9tica con m\u00e1s de 20 a\u00f1os de experiencia. Dirijo el centro de est\u00e9tica Enoi, un espacio creado con la intenci\u00f3n de ofrecer un entorno acogedor y relajante donde te puedas sentir cuidada en todos los aspectos. Mi enfoque se centra en la mejora f\u00edsica y emocional, [&hellip;]<\/p>","protected":false},"author":1,"featured_media":0,"parent":0,"menu_order":0,"comment_status":"closed","ping_status":"closed","template":"elementor_canvas","meta":{"footnotes":""},"class_list":["post-809","page","type-page","status-publish","hentry"],"yoast_head":"<!-- This site is optimized with the Yoast SEO plugin v25.1 - https:\/\/yoast.com\/wordpress\/plugins\/seo\/ -->\n<title>Sobre m\u00ed - Enoi<\/title>\n<meta name=\"robots\" content=\"index, follow, max-snippet:-1, max-image-preview:large, max-video-preview:-1\" \/>\n<link rel=\"canonical\" href=\"https:\/\/enoi.es\/eus\/sobre-mi\/\" \/>\n<meta property=\"og:locale\" content=\"en_US\" \/>\n<meta property=\"og:type\" content=\"article\" \/>\n<meta property=\"og:title\" content=\"Sobre m\u00ed - Enoi\" \/>\n<meta property=\"og:description\" content=\"Sobre m\u00ed Soy Elsa Gonz\u00e1lez Cuadrado, profesional de la est\u00e9tica con m\u00e1s de 20 a\u00f1os de experiencia. Dirijo el centro de est\u00e9tica Enoi, un espacio creado con la intenci\u00f3n de ofrecer un entorno acogedor y relajante donde te puedas sentir cuidada en todos los aspectos. Mi enfoque se centra en la mejora f\u00edsica y emocional, [&hellip;]\" \/>\n<meta property=\"og:url\" content=\"https:\/\/enoi.es\/eus\/sobre-mi\/\" \/>\n<meta property=\"og:site_name\" content=\"Enoi\" \/>\n<meta property=\"article:modified_time\" content=\"2024-11-14T09:57:11+00:00\" \/>\n<meta property=\"og:image\" content=\"https:\/\/enoi.es\/wp-content\/uploads\/2024\/11\/WhatsApp-Image-2024-11-06-at-12.24.14.jpeg\" \/>\n\t<meta property=\"og:image:width\" content=\"331\" \/>\n\t<meta property=\"og:image:height\" content=\"533\" \/>\n\t<meta property=\"og:image:type\" content=\"image\/jpeg\" \/>\n<meta name=\"twitter:card\" content=\"summary_large_image\" \/>\n<meta name=\"twitter:label1\" content=\"Est. reading time\" \/>\n\t<meta name=\"twitter:data1\" content=\"2 minutua\" \/>\n<script type=\"application\/ld+json\" class=\"yoast-schema-graph\">{\"@context\":\"https:\/\/schema.org\",\"@graph\":[{\"@type\":\"WebPage\",\"@id\":\"https:\/\/enoi.es\/sobre-mi\/\",\"url\":\"https:\/\/enoi.es\/sobre-mi\/\",\"name\":\"Sobre m\u00ed - Enoi\",\"isPartOf\":{\"@id\":\"https:\/\/enoi.es\/#website\"},\"primaryImageOfPage\":{\"@id\":\"https:\/\/enoi.es\/sobre-mi\/#primaryimage\"},\"image\":{\"@id\":\"https:\/\/enoi.es\/sobre-mi\/#primaryimage\"},\"thumbnailUrl\":\"https:\/\/enoi.es\/wp-content\/uploads\/2024\/11\/WhatsApp-Image-2024-11-06-at-12.24.14.jpeg\",\"datePublished\":\"2024-11-07T08:43:48+00:00\",\"dateModified\":\"2024-11-14T09:57:11+00:00\",\"breadcrumb\":{\"@id\":\"https:\/\/enoi.es\/sobre-mi\/#breadcrumb\"},\"inLanguage\":\"eu\",\"potentialAction\":[{\"@type\":\"ReadAction\",\"target\":[\"https:\/\/enoi.es\/sobre-mi\/\"]}]},{\"@type\":\"ImageObject\",\"inLanguage\":\"eu\",\"@id\":\"https:\/\/enoi.es\/sobre-mi\/#primaryimage\",\"url\":\"https:\/\/enoi.es\/wp-content\/uploads\/2024\/11\/WhatsApp-Image-2024-11-06-at-12.24.14.jpeg\",\"contentUrl\":\"https:\/\/enoi.es\/wp-content\/uploads\/2024\/11\/WhatsApp-Image-2024-11-06-at-12.24.14.jpeg\"},{\"@type\":\"BreadcrumbList\",\"@id\":\"https:\/\/enoi.es\/sobre-mi\/#breadcrumb\",\"itemListElement\":[{\"@type\":\"ListItem\",\"position\":1,\"name\":\"Portada\",\"item\":\"https:\/\/enoi.es\/\"},{\"@type\":\"ListItem\",\"position\":2,\"name\":\"Sobre m\u00ed\"}]},{\"@type\":\"WebSite\",\"@id\":\"https:\/\/enoi.es\/#website\",\"url\":\"https:\/\/enoi.es\/\",\"name\":\"Enoi\",\"description\":\"Centro de est\u00e9tica especializado en tratamientos faciales y corporales\",\"publisher\":{\"@id\":\"https:\/\/enoi.es\/#organization\"},\"potentialAction\":[{\"@type\":\"SearchAction\",\"target\":{\"@type\":\"EntryPoint\",\"urlTemplate\":\"https:\/\/enoi.es\/?s={search_term_string}\"},\"query-input\":{\"@type\":\"PropertyValueSpecification\",\"valueRequired\":true,\"valueName\":\"search_term_string\"}}],\"inLanguage\":\"eu\"},{\"@type\":\"Organization\",\"@id\":\"https:\/\/enoi.es\/#organization\",\"name\":\"Enoi\",\"url\":\"https:\/\/enoi.es\/\",\"logo\":{\"@type\":\"ImageObject\",\"inLanguage\":\"eu\",\"@id\":\"https:\/\/enoi.es\/#\/schema\/logo\/image\/\",\"url\":\"https:\/\/enoi.es\/wp-content\/uploads\/2024\/03\/Enoi_Mesa-de-trabajo-1.png\",\"contentUrl\":\"https:\/\/enoi.es\/wp-content\/uploads\/2024\/03\/Enoi_Mesa-de-trabajo-1.png\",\"width\":470,\"height\":470,\"caption\":\"Enoi\"},\"image\":{\"@id\":\"https:\/\/enoi.es\/#\/schema\/logo\/image\/\"},\"sameAs\":[\"https:\/\/www.instagram.com\/centroesteticaenoi\"]}]}<\/script>\n<!-- \/ Yoast SEO plugin. -->","yoast_head_json":{"title":"Sobre m\u00ed - Enoi","robots":{"index":"index","follow":"follow","max-snippet":"max-snippet:-1","max-image-preview":"max-image-preview:large","max-video-preview":"max-video-preview:-1"},"canonical":"https:\/\/enoi.es\/eus\/sobre-mi\/","og_locale":"en_US","og_type":"article","og_title":"Sobre m\u00ed - Enoi","og_description":"Sobre m\u00ed Soy Elsa Gonz\u00e1lez Cuadrado, profesional de la est\u00e9tica con m\u00e1s de 20 a\u00f1os de experiencia. Dirijo el centro de est\u00e9tica Enoi, un espacio creado con la intenci\u00f3n de ofrecer un entorno acogedor y relajante donde te puedas sentir cuidada en todos los aspectos. Mi enfoque se centra en la mejora f\u00edsica y emocional, [&hellip;]","og_url":"https:\/\/enoi.es\/eus\/sobre-mi\/","og_site_name":"Enoi","article_modified_time":"2024-11-14T09:57:11+00:00","og_image":[{"width":331,"height":533,"url":"https:\/\/enoi.es\/wp-content\/uploads\/2024\/11\/WhatsApp-Image-2024-11-06-at-12.24.14.jpeg","type":"image\/jpeg"}],"twitter_card":"summary_large_image","twitter_misc":{"Est. reading time":"2 minutua"},"schema":{"@context":"https:\/\/schema.org","@graph":[{"@type":"WebPage","@id":"https:\/\/enoi.es\/sobre-mi\/","url":"https:\/\/enoi.es\/sobre-mi\/","name":"Sobre m\u00ed - Enoi","isPartOf":{"@id":"https:\/\/enoi.es\/#website"},"primaryImageOfPage":{"@id":"https:\/\/enoi.es\/sobre-mi\/#primaryimage"},"image":{"@id":"https:\/\/enoi.es\/sobre-mi\/#primaryimage"},"thumbnailUrl":"https:\/\/enoi.es\/wp-content\/uploads\/2024\/11\/WhatsApp-Image-2024-11-06-at-12.24.14.jpeg","datePublished":"2024-11-07T08:43:48+00:00","dateModified":"2024-11-14T09:57:11+00:00","breadcrumb":{"@id":"https:\/\/enoi.es\/sobre-mi\/#breadcrumb"},"inLanguage":"eu","potentialAction":[{"@type":"ReadAction","target":["https:\/\/enoi.es\/sobre-mi\/"]}]},{"@type":"ImageObject","inLanguage":"eu","@id":"https:\/\/enoi.es\/sobre-mi\/#primaryimage","url":"https:\/\/enoi.es\/wp-content\/uploads\/2024\/11\/WhatsApp-Image-2024-11-06-at-12.24.14.jpeg","contentUrl":"https:\/\/enoi.es\/wp-content\/uploads\/2024\/11\/WhatsApp-Image-2024-11-06-at-12.24.14.jpeg"},{"@type":"BreadcrumbList","@id":"https:\/\/enoi.es\/sobre-mi\/#breadcrumb","itemListElement":[{"@type":"ListItem","position":1,"name":"Portada","item":"https:\/\/enoi.es\/"},{"@type":"ListItem","position":2,"name":"Sobre m\u00ed"}]},{"@type":"WebSite","@id":"https:\/\/enoi.es\/#website","url":"https:\/\/enoi.es\/","name":"Enoi","description":"Centro de est\u00e9tica especializado en tratamientos faciales y corporales","publisher":{"@id":"https:\/\/enoi.es\/#organization"},"potentialAction":[{"@type":"SearchAction","target":{"@type":"EntryPoint","urlTemplate":"https:\/\/enoi.es\/?s={search_term_string}"},"query-input":{"@type":"PropertyValueSpecification","valueRequired":true,"valueName":"search_term_string"}}],"inLanguage":"eu"},{"@type":"Organization","@id":"https:\/\/enoi.es\/#organization","name":"Enoi","url":"https:\/\/enoi.es\/","logo":{"@type":"ImageObject","inLanguage":"eu","@id":"https:\/\/enoi.es\/#\/schema\/logo\/image\/","url":"https:\/\/enoi.es\/wp-content\/uploads\/2024\/03\/Enoi_Mesa-de-trabajo-1.png","contentUrl":"https:\/\/enoi.es\/wp-content\/uploads\/2024\/03\/Enoi_Mesa-de-trabajo-1.png","width":470,"height":470,"caption":"Enoi"},"image":{"@id":"https:\/\/enoi.es\/#\/schema\/logo\/image\/"},"sameAs":["https:\/\/www.instagram.com\/centroesteticaenoi"]}]}},"_links":{"self":[{"href":"https:\/\/enoi.es\/eus\/wp-json\/wp\/v2\/pages\/809","targetHints":{"allow":["GET"]}}],"collection":[{"href":"https:\/\/enoi.es\/eus\/wp-json\/wp\/v2\/pages"}],"about":[{"href":"https:\/\/enoi.es\/eus\/wp-json\/wp\/v2\/types\/page"}],"author":[{"embeddable":true,"href":"https:\/\/enoi.es\/eus\/wp-json\/wp\/v2\/users\/1"}],"replies":[{"embeddable":true,"href":"https:\/\/enoi.es\/eus\/wp-json\/wp\/v2\/comments?post=809"}],"version-history":[{"count":18,"href":"https:\/\/enoi.es\/eus\/wp-json\/wp\/v2\/pages\/809\/revisions"}],"predecessor-version":[{"id":905,"href":"https:\/\/enoi.es\/eus\/wp-json\/wp\/v2\/pages\/809\/revisions\/905"}],"wp:attachment":[{"href":"https:\/\/enoi.es\/eus\/wp-json\/wp\/v2\/media?parent=809"}],"curies":[{"name":"wp","href":"https:\/\/api.w.org\/{rel}","templated":true}]}}