{"id":957,"date":"2024-11-14T12:04:06","date_gmt":"2024-11-14T12:04:06","guid":{"rendered":"https:\/\/enoi.es\/?page_id=957"},"modified":"2024-12-11T12:56:44","modified_gmt":"2024-12-11T12:56:44","slug":"depilacion-laser","status":"publish","type":"page","link":"https:\/\/enoi.es\/eus\/depilacion-laser\/","title":{"rendered":"Depilaci\u00f3n L\u00e1ser"},"content":{"rendered":"<div data-elementor-type=\"wp-page\" data-elementor-id=\"957\" class=\"elementor elementor-957\" data-elementor-post-type=\"page\">\n\t\t\t\t\t\t<section class=\"elementor-section elementor-top-section elementor-element elementor-element-60bfe027 elementor-section-stretched elementor-reverse-tablet elementor-hidden-tablet elementor-hidden-mobile elementor-section-boxed elementor-section-height-default elementor-section-height-default\" data-id=\"60bfe027\" data-element_type=\"section\" data-settings=\"{&quot;stretch_section&quot;:&quot;section-stretched&quot;,&quot;background_background&quot;:&quot;classic&quot;}\">\n\t\t\t\t\t\t<div class=\"elementor-container elementor-column-gap-default\">\n\t\t\t\t\t<div class=\"elementor-column elementor-col-100 elementor-top-column elementor-element elementor-element-363b7913\" data-id=\"363b7913\" data-element_type=\"column\">\n\t\t\t<div class=\"elementor-widget-wrap elementor-element-populated\">\n\t\t\t\t\t\t<div class=\"elementor-element elementor-element-30dcd758 elementor-invisible elementor-widget elementor-widget-heading\" data-id=\"30dcd758\" data-element_type=\"widget\" data-settings=\"{&quot;_animation&quot;:&quot;fadeIn&quot;}\" data-widget_type=\"heading.default\">\n\t\t\t\t<div class=\"elementor-widget-container\">\n\t\t\t\t\t<h2 class=\"elementor-heading-title elementor-size-default\">Depilaci\u00f3n L\u00e1ser<\/h2>\t\t\t\t<\/div>\n\t\t\t\t<\/div>\n\t\t\t\t<div class=\"elementor-element elementor-element-0202937 elementor-invisible elementor-widget elementor-widget-heading\" data-id=\"0202937\" data-element_type=\"widget\" data-settings=\"{&quot;_animation&quot;:&quot;fadeIn&quot;}\" data-widget_type=\"heading.default\">\n\t\t\t\t<div class=\"elementor-widget-container\">\n\t\t\t\t\t<h2 class=\"elementor-heading-title elementor-size-default\">Piel suave y libre de vello de forma duradera<\/h2>\t\t\t\t<\/div>\n\t\t\t\t<\/div>\n\t\t\t\t<div class=\"elementor-element elementor-element-ea47814 elementor-invisible elementor-widget elementor-widget-heading\" data-id=\"ea47814\" data-element_type=\"widget\" data-settings=\"{&quot;_animation&quot;:&quot;fadeIn&quot;}\" data-widget_type=\"heading.default\">\n\t\t\t\t<div class=\"elementor-widget-container\">\n\t\t\t\t\t<h2 class=\"elementor-heading-title elementor-size-default\">En el Centro Enoi, ofrecemos un servicio de depilaci\u00f3n l\u00e1ser para proporcionarte una piel suave y libre de vello de manera duradera garantizando resultados eficaces y seguros para todo tipo de piel.<\/h2>\t\t\t\t<\/div>\n\t\t\t\t<\/div>\n\t\t\t\t<div class=\"elementor-element elementor-element-764137c6 elementor-widget elementor-widget-spacer\" data-id=\"764137c6\" data-element_type=\"widget\" data-widget_type=\"spacer.default\">\n\t\t\t\t<div class=\"elementor-widget-container\">\n\t\t\t\t\t\t\t<div class=\"elementor-spacer\">\n\t\t\t<div class=\"elementor-spacer-inner\"><\/div>\n\t\t<\/div>\n\t\t\t\t\t\t<\/div>\n\t\t\t\t<\/div>\n\t\t\t\t\t<\/div>\n\t\t<\/div>\n\t\t\t\t\t<\/div>\n\t\t<\/section>\n\t\t\t\t<section class=\"elementor-section elementor-top-section elementor-element elementor-element-8f2fb8e elementor-section-stretched elementor-reverse-tablet elementor-hidden-desktop elementor-section-boxed elementor-section-height-default elementor-section-height-default\" data-id=\"8f2fb8e\" data-element_type=\"section\" data-settings=\"{&quot;stretch_section&quot;:&quot;section-stretched&quot;,&quot;background_background&quot;:&quot;classic&quot;}\">\n\t\t\t\t\t\t<div class=\"elementor-container elementor-column-gap-default\">\n\t\t\t\t\t<div class=\"elementor-column elementor-col-100 elementor-top-column elementor-element elementor-element-4779b1c\" data-id=\"4779b1c\" data-element_type=\"column\">\n\t\t\t<div class=\"elementor-widget-wrap elementor-element-populated\">\n\t\t\t\t\t\t<div class=\"elementor-element elementor-element-cce8da0 elementor-invisible elementor-widget elementor-widget-heading\" data-id=\"cce8da0\" data-element_type=\"widget\" data-settings=\"{&quot;_animation&quot;:&quot;fadeIn&quot;}\" data-widget_type=\"heading.default\">\n\t\t\t\t<div class=\"elementor-widget-container\">\n\t\t\t\t\t<h2 class=\"elementor-heading-title elementor-size-default\">Depilaci\u00f3n L\u00e1ser<\/h2>\t\t\t\t<\/div>\n\t\t\t\t<\/div>\n\t\t\t\t<div class=\"elementor-element elementor-element-f1c1d37 elementor-invisible elementor-widget elementor-widget-heading\" data-id=\"f1c1d37\" data-element_type=\"widget\" data-settings=\"{&quot;_animation&quot;:&quot;fadeIn&quot;}\" data-widget_type=\"heading.default\">\n\t\t\t\t<div class=\"elementor-widget-container\">\n\t\t\t\t\t<h2 class=\"elementor-heading-title elementor-size-default\">Piel suave y libre de vello de forma duradera<\/h2>\t\t\t\t<\/div>\n\t\t\t\t<\/div>\n\t\t\t\t<div class=\"elementor-element elementor-element-c6c499f elementor-invisible elementor-widget elementor-widget-heading\" data-id=\"c6c499f\" data-element_type=\"widget\" data-settings=\"{&quot;_animation&quot;:&quot;fadeIn&quot;}\" data-widget_type=\"heading.default\">\n\t\t\t\t<div class=\"elementor-widget-container\">\n\t\t\t\t\t<h2 class=\"elementor-heading-title elementor-size-default\">En el Centro Enoi, ofrecemos un servicio de depilaci\u00f3n l\u00e1ser para proporcionarte una piel suave y libre de vello de manera duradera garantizando resultados eficaces y seguros para todo tipo de piel.<\/h2>\t\t\t\t<\/div>\n\t\t\t\t<\/div>\n\t\t\t\t<div class=\"elementor-element elementor-element-7e4bba9 elementor-widget elementor-widget-spacer\" data-id=\"7e4bba9\" data-element_type=\"widget\" data-widget_type=\"spacer.default\">\n\t\t\t\t<div class=\"elementor-widget-container\">\n\t\t\t\t\t\t\t<div class=\"elementor-spacer\">\n\t\t\t<div class=\"elementor-spacer-inner\"><\/div>\n\t\t<\/div>\n\t\t\t\t\t\t<\/div>\n\t\t\t\t<\/div>\n\t\t\t\t\t<\/div>\n\t\t<\/div>\n\t\t\t\t\t<\/div>\n\t\t<\/section>\n\t\t\t\t<section class=\"elementor-section elementor-top-section elementor-element elementor-element-2e35086c elementor-section-boxed elementor-section-height-default elementor-section-height-default elementor-invisible\" data-id=\"2e35086c\" data-element_type=\"section\" data-settings=\"{&quot;animation&quot;:&quot;fadeInUp&quot;,&quot;background_background&quot;:&quot;classic&quot;}\">\n\t\t\t\t\t\t<div class=\"elementor-container elementor-column-gap-default\">\n\t\t\t\t\t<div class=\"elementor-column elementor-col-100 elementor-top-column elementor-element elementor-element-2752f1ed\" data-id=\"2752f1ed\" data-element_type=\"column\" data-settings=\"{&quot;background_background&quot;:&quot;classic&quot;}\">\n\t\t\t<div class=\"elementor-widget-wrap elementor-element-populated\">\n\t\t\t\t\t\t<section class=\"elementor-section elementor-inner-section elementor-element elementor-element-17a9a78c elementor-section-boxed elementor-section-height-default elementor-section-height-default\" data-id=\"17a9a78c\" data-element_type=\"section\">\n\t\t\t\t\t\t<div class=\"elementor-container elementor-column-gap-default\">\n\t\t\t\t\t<div class=\"elementor-column elementor-col-50 elementor-inner-column elementor-element elementor-element-462a308d\" data-id=\"462a308d\" data-element_type=\"column\">\n\t\t\t<div class=\"elementor-widget-wrap elementor-element-populated\">\n\t\t\t\t\t\t<div class=\"elementor-element elementor-element-c683f6b elementor-invisible elementor-widget elementor-widget-text-editor\" data-id=\"c683f6b\" data-element_type=\"widget\" data-settings=\"{&quot;_animation&quot;:&quot;fadeIn&quot;}\" data-widget_type=\"text-editor.default\">\n\t\t\t\t<div class=\"elementor-widget-container\">\n\t\t\t\t\t\t\t\t\t<p>Resultados Duraderos y Piel Suave<\/p>\t\t\t\t\t\t\t\t<\/div>\n\t\t\t\t<\/div>\n\t\t\t\t<div class=\"elementor-element elementor-element-801b280 elementor-invisible elementor-widget elementor-widget-text-editor\" data-id=\"801b280\" data-element_type=\"widget\" data-settings=\"{&quot;_animation&quot;:&quot;fadeIn&quot;}\" data-widget_type=\"text-editor.default\">\n\t\t\t\t<div class=\"elementor-widget-container\">\n\t\t\t\t\t\t\t\t\t<p>Con nuestro tratamiento de depilaci\u00f3n l\u00e1ser, disfrutar\u00e1s de una piel m\u00e1s suave y libre de vello durante mucho m\u00e1s tiempo que con otros m\u00e9todos tradicionales.<br \/>Despu\u00e9s de unas pocas sesiones, notar\u00e1s una reducci\u00f3n significativa en el crecimiento del vello, lo que te permitir\u00e1 olvidarte de las molestias de la depilaci\u00f3n regular y disfrutar de una piel sedosa todo el a\u00f1o.<\/p>\t\t\t\t\t\t\t\t<\/div>\n\t\t\t\t<\/div>\n\t\t\t\t\t<\/div>\n\t\t<\/div>\n\t\t\t\t<div class=\"elementor-column elementor-col-50 elementor-inner-column elementor-element elementor-element-54cf85dd\" data-id=\"54cf85dd\" data-element_type=\"column\">\n\t\t\t<div class=\"elementor-widget-wrap elementor-element-populated\">\n\t\t\t\t\t\t<div class=\"elementor-element elementor-element-6a3f1d55 elementor-widget elementor-widget-image\" data-id=\"6a3f1d55\" data-element_type=\"widget\" data-widget_type=\"image.default\">\n\t\t\t\t<div class=\"elementor-widget-container\">\n\t\t\t\t\t\t\t\t\t\t\t\t\t\t\t\t<a href=\"https:\/\/enoi.es\/wp-content\/uploads\/2024\/03\/laser-hair-removal-process-for-woman-s-legs.jpg\" data-elementor-open-lightbox=\"yes\" data-elementor-lightbox-title=\"Laser hair removal process for woman&#039;s legs\" data-elementor-lightbox-description=\"Laser hair removal process for woman&#039;s legs\" data-e-action-hash=\"#elementor-action%3Aaction%3Dlightbox%26settings%3DeyJpZCI6MjQ4LCJ1cmwiOiJodHRwczpcL1wvZW5vaS5lc1wvd3AtY29udGVudFwvdXBsb2Fkc1wvMjAyNFwvMDNcL2xhc2VyLWhhaXItcmVtb3ZhbC1wcm9jZXNzLWZvci13b21hbi1zLWxlZ3MuanBnIn0%3D\">\n\t\t\t\t\t\t\t<img fetchpriority=\"high\" decoding=\"async\" width=\"800\" height=\"533\" src=\"https:\/\/enoi.es\/wp-content\/uploads\/2024\/03\/laser-hair-removal-process-for-woman-s-legs-1024x682.jpg\" class=\"attachment-large size-large wp-image-248\" alt=\"Laser hair removal process for woman&#039;s legs\" srcset=\"https:\/\/enoi.es\/wp-content\/uploads\/2024\/03\/laser-hair-removal-process-for-woman-s-legs-1024x682.jpg 1024w, https:\/\/enoi.es\/wp-content\/uploads\/2024\/03\/laser-hair-removal-process-for-woman-s-legs-300x200.jpg 300w, https:\/\/enoi.es\/wp-content\/uploads\/2024\/03\/laser-hair-removal-process-for-woman-s-legs-768x512.jpg 768w, https:\/\/enoi.es\/wp-content\/uploads\/2024\/03\/laser-hair-removal-process-for-woman-s-legs-1536x1024.jpg 1536w, https:\/\/enoi.es\/wp-content\/uploads\/2024\/03\/laser-hair-removal-process-for-woman-s-legs-18x12.jpg 18w, https:\/\/enoi.es\/wp-content\/uploads\/2024\/03\/laser-hair-removal-process-for-woman-s-legs.jpg 2000w\" sizes=\"(max-width: 800px) 100vw, 800px\" \/>\t\t\t\t\t\t\t\t<\/a>\n\t\t\t\t\t\t\t\t\t\t\t\t\t\t\t<\/div>\n\t\t\t\t<\/div>\n\t\t\t\t\t<\/div>\n\t\t<\/div>\n\t\t\t\t\t<\/div>\n\t\t<\/section>\n\t\t\t\t\t<\/div>\n\t\t<\/div>\n\t\t\t\t\t<\/div>\n\t\t<\/section>\n\t\t\t\t<section class=\"elementor-section elementor-top-section elementor-element elementor-element-6c1c43f elementor-section-stretched elementor-reverse-tablet elementor-section-boxed elementor-section-height-default elementor-section-height-default\" data-id=\"6c1c43f\" data-element_type=\"section\" data-settings=\"{&quot;stretch_section&quot;:&quot;section-stretched&quot;,&quot;background_background&quot;:&quot;classic&quot;}\">\n\t\t\t\t\t\t\t<div class=\"elementor-background-overlay\"><\/div>\n\t\t\t\t\t\t\t<div class=\"elementor-container elementor-column-gap-default\">\n\t\t\t\t\t<div class=\"elementor-column elementor-col-100 elementor-top-column elementor-element elementor-element-0c15841\" data-id=\"0c15841\" data-element_type=\"column\">\n\t\t\t<div class=\"elementor-widget-wrap elementor-element-populated\">\n\t\t\t\t\t\t<div class=\"elementor-element elementor-element-f6c3632 elementor-widget elementor-widget-heading\" data-id=\"f6c3632\" data-element_type=\"widget\" data-widget_type=\"heading.default\">\n\t\t\t\t<div class=\"elementor-widget-container\">\n\t\t\t\t\t<h2 class=\"elementor-heading-title elementor-size-default\">\u00bfA QU\u00c9 ESPERAS PARA DARTE UN CAPRICHO?<\/h2>\t\t\t\t<\/div>\n\t\t\t\t<\/div>\n\t\t\t\t<div class=\"elementor-element elementor-element-b2e64a9 elementor-align-center elementor-hidden-mobile elementor-widget elementor-widget-button\" data-id=\"b2e64a9\" data-element_type=\"widget\" data-widget_type=\"button.default\">\n\t\t\t\t<div class=\"elementor-widget-container\">\n\t\t\t\t\t\t\t\t\t<div class=\"elementor-button-wrapper\">\n\t\t\t\t\t<a class=\"elementor-button elementor-button-link elementor-size-sm\" href=\"https:\/\/api.whatsapp.com\/send\/?phone=34666857592&#038;text&#038;type=phone_number&#038;app_absent=0\">\n\t\t\t\t\t\t<span class=\"elementor-button-content-wrapper\">\n\t\t\t\t\t\t\t\t\t<span class=\"elementor-button-text\">Escr\u00edbenos<\/span>\n\t\t\t\t\t<\/span>\n\t\t\t\t\t<\/a>\n\t\t\t\t<\/div>\n\t\t\t\t\t\t\t\t<\/div>\n\t\t\t\t<\/div>\n\t\t\t\t<div class=\"elementor-element elementor-element-4a0ce61 elementor-align-center elementor-hidden-desktop elementor-hidden-tablet elementor-widget elementor-widget-button\" data-id=\"4a0ce61\" data-element_type=\"widget\" data-widget_type=\"button.default\">\n\t\t\t\t<div class=\"elementor-widget-container\">\n\t\t\t\t\t\t\t\t\t<div class=\"elementor-button-wrapper\">\n\t\t\t\t\t<a class=\"elementor-button elementor-button-link elementor-size-sm\" href=\"tel:%20666%20857%20592\">\n\t\t\t\t\t\t<span class=\"elementor-button-content-wrapper\">\n\t\t\t\t\t\t\t\t\t<span class=\"elementor-button-text\">Ll\u00e1manos<\/span>\n\t\t\t\t\t<\/span>\n\t\t\t\t\t<\/a>\n\t\t\t\t<\/div>\n\t\t\t\t\t\t\t\t<\/div>\n\t\t\t\t<\/div>\n\t\t\t\t\t<\/div>\n\t\t<\/div>\n\t\t\t\t\t<\/div>\n\t\t<\/section>\n\t\t\t\t<\/div>","protected":false},"excerpt":{"rendered":"<p>Depilaci\u00f3n L\u00e1ser Piel suave y libre de vello de forma duradera En el Centro Enoi, ofrecemos un servicio de depilaci\u00f3n l\u00e1ser para proporcionarte una piel suave y libre de vello de manera duradera garantizando resultados eficaces y seguros para todo tipo de piel. Depilaci\u00f3n L\u00e1ser Piel suave y libre de vello de forma duradera En [&hellip;]<\/p>","protected":false},"author":1,"featured_media":0,"parent":0,"menu_order":0,"comment_status":"closed","ping_status":"closed","template":"elementor_canvas","meta":{"footnotes":""},"class_list":["post-957","page","type-page","status-publish","hentry"],"yoast_head":"<!-- This site is optimized with the Yoast SEO plugin v25.1 - https:\/\/yoast.com\/wordpress\/plugins\/seo\/ -->\n<title>Depilaci\u00f3n L\u00e1ser - Enoi<\/title>\n<meta name=\"description\" content=\"En el Centro Enoi, ofrecemos un servicio de depilaci\u00f3n l\u00e1ser para proporcionarte una piel suave y libre de vello de manera duradera garantizando resultados eficaces y seguros para todo tipo de piel.\u200b\" \/>\n<meta name=\"robots\" content=\"index, follow, max-snippet:-1, max-image-preview:large, max-video-preview:-1\" \/>\n<link rel=\"canonical\" href=\"https:\/\/enoi.es\/eus\/depilacion-laser\/\" \/>\n<meta property=\"og:locale\" content=\"en_US\" \/>\n<meta property=\"og:type\" content=\"article\" \/>\n<meta property=\"og:title\" content=\"Depilaci\u00f3n L\u00e1ser - Enoi\" \/>\n<meta property=\"og:description\" content=\"En el Centro Enoi, ofrecemos un servicio de depilaci\u00f3n l\u00e1ser para proporcionarte una piel suave y libre de vello de manera duradera garantizando resultados eficaces y seguros para todo tipo de piel.\u200b\" \/>\n<meta property=\"og:url\" content=\"https:\/\/enoi.es\/eus\/depilacion-laser\/\" \/>\n<meta property=\"og:site_name\" content=\"Enoi\" \/>\n<meta property=\"article:modified_time\" content=\"2024-12-11T12:56:44+00:00\" \/>\n<meta property=\"og:image\" content=\"https:\/\/enoi.es\/wp-content\/uploads\/2024\/03\/laser-hair-removal-process-for-woman-s-legs.jpg\" \/>\n\t<meta property=\"og:image:width\" content=\"2000\" \/>\n\t<meta property=\"og:image:height\" content=\"1333\" \/>\n\t<meta property=\"og:image:type\" content=\"image\/jpeg\" \/>\n<meta name=\"twitter:card\" content=\"summary_large_image\" \/>\n<meta name=\"twitter:label1\" content=\"Est. reading time\" \/>\n\t<meta name=\"twitter:data1\" content=\"1 minutua\" \/>\n<script type=\"application\/ld+json\" class=\"yoast-schema-graph\">{\"@context\":\"https:\/\/schema.org\",\"@graph\":[{\"@type\":\"WebPage\",\"@id\":\"https:\/\/enoi.es\/depilacion-laser\/\",\"url\":\"https:\/\/enoi.es\/depilacion-laser\/\",\"name\":\"Depilaci\u00f3n L\u00e1ser - Enoi\",\"isPartOf\":{\"@id\":\"https:\/\/enoi.es\/#website\"},\"primaryImageOfPage\":{\"@id\":\"https:\/\/enoi.es\/depilacion-laser\/#primaryimage\"},\"image\":{\"@id\":\"https:\/\/enoi.es\/depilacion-laser\/#primaryimage\"},\"thumbnailUrl\":\"https:\/\/enoi.es\/wp-content\/uploads\/2024\/03\/laser-hair-removal-process-for-woman-s-legs-1024x682.jpg\",\"datePublished\":\"2024-11-14T12:04:06+00:00\",\"dateModified\":\"2024-12-11T12:56:44+00:00\",\"description\":\"En el Centro Enoi, ofrecemos un servicio de depilaci\u00f3n l\u00e1ser para proporcionarte una piel suave y libre de vello de manera duradera garantizando resultados eficaces y seguros para todo tipo de piel.\u200b\",\"breadcrumb\":{\"@id\":\"https:\/\/enoi.es\/depilacion-laser\/#breadcrumb\"},\"inLanguage\":\"eu\",\"potentialAction\":[{\"@type\":\"ReadAction\",\"target\":[\"https:\/\/enoi.es\/depilacion-laser\/\"]}]},{\"@type\":\"ImageObject\",\"inLanguage\":\"eu\",\"@id\":\"https:\/\/enoi.es\/depilacion-laser\/#primaryimage\",\"url\":\"https:\/\/enoi.es\/wp-content\/uploads\/2024\/03\/laser-hair-removal-process-for-woman-s-legs-1024x682.jpg\",\"contentUrl\":\"https:\/\/enoi.es\/wp-content\/uploads\/2024\/03\/laser-hair-removal-process-for-woman-s-legs-1024x682.jpg\"},{\"@type\":\"BreadcrumbList\",\"@id\":\"https:\/\/enoi.es\/depilacion-laser\/#breadcrumb\",\"itemListElement\":[{\"@type\":\"ListItem\",\"position\":1,\"name\":\"Portada\",\"item\":\"https:\/\/enoi.es\/\"},{\"@type\":\"ListItem\",\"position\":2,\"name\":\"Depilaci\u00f3n L\u00e1ser\"}]},{\"@type\":\"WebSite\",\"@id\":\"https:\/\/enoi.es\/#website\",\"url\":\"https:\/\/enoi.es\/\",\"name\":\"Enoi\",\"description\":\"Centro de est\u00e9tica especializado en tratamientos faciales y corporales\",\"publisher\":{\"@id\":\"https:\/\/enoi.es\/#organization\"},\"potentialAction\":[{\"@type\":\"SearchAction\",\"target\":{\"@type\":\"EntryPoint\",\"urlTemplate\":\"https:\/\/enoi.es\/?s={search_term_string}\"},\"query-input\":{\"@type\":\"PropertyValueSpecification\",\"valueRequired\":true,\"valueName\":\"search_term_string\"}}],\"inLanguage\":\"eu\"},{\"@type\":\"Organization\",\"@id\":\"https:\/\/enoi.es\/#organization\",\"name\":\"Enoi\",\"url\":\"https:\/\/enoi.es\/\",\"logo\":{\"@type\":\"ImageObject\",\"inLanguage\":\"eu\",\"@id\":\"https:\/\/enoi.es\/#\/schema\/logo\/image\/\",\"url\":\"https:\/\/enoi.es\/wp-content\/uploads\/2024\/03\/Enoi_Mesa-de-trabajo-1.png\",\"contentUrl\":\"https:\/\/enoi.es\/wp-content\/uploads\/2024\/03\/Enoi_Mesa-de-trabajo-1.png\",\"width\":470,\"height\":470,\"caption\":\"Enoi\"},\"image\":{\"@id\":\"https:\/\/enoi.es\/#\/schema\/logo\/image\/\"},\"sameAs\":[\"https:\/\/www.instagram.com\/centroesteticaenoi\"]}]}<\/script>\n<!-- \/ Yoast SEO plugin. -->","yoast_head_json":{"title":"Depilaci\u00f3n L\u00e1ser - Enoi","description":"En el Centro Enoi, ofrecemos un servicio de depilaci\u00f3n l\u00e1ser para proporcionarte una piel suave y libre de vello de manera duradera garantizando resultados eficaces y seguros para todo tipo de piel.\u200b","robots":{"index":"index","follow":"follow","max-snippet":"max-snippet:-1","max-image-preview":"max-image-preview:large","max-video-preview":"max-video-preview:-1"},"canonical":"https:\/\/enoi.es\/eus\/depilacion-laser\/","og_locale":"en_US","og_type":"article","og_title":"Depilaci\u00f3n L\u00e1ser - Enoi","og_description":"En el Centro Enoi, ofrecemos un servicio de depilaci\u00f3n l\u00e1ser para proporcionarte una piel suave y libre de vello de manera duradera garantizando resultados eficaces y seguros para todo tipo de piel.\u200b","og_url":"https:\/\/enoi.es\/eus\/depilacion-laser\/","og_site_name":"Enoi","article_modified_time":"2024-12-11T12:56:44+00:00","og_image":[{"width":2000,"height":1333,"url":"https:\/\/enoi.es\/wp-content\/uploads\/2024\/03\/laser-hair-removal-process-for-woman-s-legs.jpg","type":"image\/jpeg"}],"twitter_card":"summary_large_image","twitter_misc":{"Est. reading time":"1 minutua"},"schema":{"@context":"https:\/\/schema.org","@graph":[{"@type":"WebPage","@id":"https:\/\/enoi.es\/depilacion-laser\/","url":"https:\/\/enoi.es\/depilacion-laser\/","name":"Depilaci\u00f3n L\u00e1ser - Enoi","isPartOf":{"@id":"https:\/\/enoi.es\/#website"},"primaryImageOfPage":{"@id":"https:\/\/enoi.es\/depilacion-laser\/#primaryimage"},"image":{"@id":"https:\/\/enoi.es\/depilacion-laser\/#primaryimage"},"thumbnailUrl":"https:\/\/enoi.es\/wp-content\/uploads\/2024\/03\/laser-hair-removal-process-for-woman-s-legs-1024x682.jpg","datePublished":"2024-11-14T12:04:06+00:00","dateModified":"2024-12-11T12:56:44+00:00","description":"En el Centro Enoi, ofrecemos un servicio de depilaci\u00f3n l\u00e1ser para proporcionarte una piel suave y libre de vello de manera duradera garantizando resultados eficaces y seguros para todo tipo de piel.\u200b","breadcrumb":{"@id":"https:\/\/enoi.es\/depilacion-laser\/#breadcrumb"},"inLanguage":"eu","potentialAction":[{"@type":"ReadAction","target":["https:\/\/enoi.es\/depilacion-laser\/"]}]},{"@type":"ImageObject","inLanguage":"eu","@id":"https:\/\/enoi.es\/depilacion-laser\/#primaryimage","url":"https:\/\/enoi.es\/wp-content\/uploads\/2024\/03\/laser-hair-removal-process-for-woman-s-legs-1024x682.jpg","contentUrl":"https:\/\/enoi.es\/wp-content\/uploads\/2024\/03\/laser-hair-removal-process-for-woman-s-legs-1024x682.jpg"},{"@type":"BreadcrumbList","@id":"https:\/\/enoi.es\/depilacion-laser\/#breadcrumb","itemListElement":[{"@type":"ListItem","position":1,"name":"Portada","item":"https:\/\/enoi.es\/"},{"@type":"ListItem","position":2,"name":"Depilaci\u00f3n L\u00e1ser"}]},{"@type":"WebSite","@id":"https:\/\/enoi.es\/#website","url":"https:\/\/enoi.es\/","name":"Enoi","description":"Centro de est\u00e9tica especializado en tratamientos faciales y corporales","publisher":{"@id":"https:\/\/enoi.es\/#organization"},"potentialAction":[{"@type":"SearchAction","target":{"@type":"EntryPoint","urlTemplate":"https:\/\/enoi.es\/?s={search_term_string}"},"query-input":{"@type":"PropertyValueSpecification","valueRequired":true,"valueName":"search_term_string"}}],"inLanguage":"eu"},{"@type":"Organization","@id":"https:\/\/enoi.es\/#organization","name":"Enoi","url":"https:\/\/enoi.es\/","logo":{"@type":"ImageObject","inLanguage":"eu","@id":"https:\/\/enoi.es\/#\/schema\/logo\/image\/","url":"https:\/\/enoi.es\/wp-content\/uploads\/2024\/03\/Enoi_Mesa-de-trabajo-1.png","contentUrl":"https:\/\/enoi.es\/wp-content\/uploads\/2024\/03\/Enoi_Mesa-de-trabajo-1.png","width":470,"height":470,"caption":"Enoi"},"image":{"@id":"https:\/\/enoi.es\/#\/schema\/logo\/image\/"},"sameAs":["https:\/\/www.instagram.com\/centroesteticaenoi"]}]}},"_links":{"self":[{"href":"https:\/\/enoi.es\/eus\/wp-json\/wp\/v2\/pages\/957","targetHints":{"allow":["GET"]}}],"collection":[{"href":"https:\/\/enoi.es\/eus\/wp-json\/wp\/v2\/pages"}],"about":[{"href":"https:\/\/enoi.es\/eus\/wp-json\/wp\/v2\/types\/page"}],"author":[{"embeddable":true,"href":"https:\/\/enoi.es\/eus\/wp-json\/wp\/v2\/users\/1"}],"replies":[{"embeddable":true,"href":"https:\/\/enoi.es\/eus\/wp-json\/wp\/v2\/comments?post=957"}],"version-history":[{"count":19,"href":"https:\/\/enoi.es\/eus\/wp-json\/wp\/v2\/pages\/957\/revisions"}],"predecessor-version":[{"id":1162,"href":"https:\/\/enoi.es\/eus\/wp-json\/wp\/v2\/pages\/957\/revisions\/1162"}],"wp:attachment":[{"href":"https:\/\/enoi.es\/eus\/wp-json\/wp\/v2\/media?parent=957"}],"curies":[{"name":"wp","href":"https:\/\/api.w.org\/{rel}","templated":true}]}}